{"id":2228,"date":"2021-03-18T08:28:57","date_gmt":"2021-03-18T08:28:57","guid":{"rendered":"https:\/\/imsanmarket.ca\/product\/kessa-moroccan-exfoliating-gloves\/"},"modified":"2024-06-13T19:28:29","modified_gmt":"2024-06-13T19:28:29","slug":"gants-exfoliants-marocains-kessa","status":"publish","type":"product","link":"https:\/\/imsanmarket.ca\/en\/product\/gants-exfoliants-marocains-kessa\/","title":{"rendered":"Gants exfoliants marocains Kessa"},"content":{"rendered":"<div class=\"row\">\n<div class=\"col-xs-12 col-sm-6\">\n<p><strong>Avantages &amp; bienfaits :<\/strong><\/p>\n<ul>\n<li>\u00c9limine doucement les cellules mortes de la peau.<\/li>\n<li>Nettoie et d\u00e9toxifie votre corps.<\/li>\n<li>Am\u00e9liore la circulation sanguine.<\/li>\n<li>R\u00e9duit les imperfections et d\u00e9gage les pores.<\/li>\n<li>Rend la peau radieuse, lisse et douce.<\/li>\n<li>Favorise l&#8217;absorption des nutriments dans vos produits de soin.<\/li>\n<li>Convient \u00e0 tous les types de peau.<\/li>\n<\/ul>\n<\/div>\n<div class=\"col-xs-12 col-sm-6\">\n<h5><strong>Mode d&#8217;utilisation :<\/strong><\/h5>\n<ul>\n<li>Dans un bain ou sous la douche chaude, appliquez votre savon noir pr\u00e9f\u00e9r\u00e9 sur tout votre corps pendant 5 \u00e0 10 minutes.<\/li>\n<li>Rincez votre corps \u00e0 l&#8217;eau ti\u00e8de.<\/li>\n<li>Essorez le gant dans un bol d&#8217;eau.<\/li>\n<li>Enfilez le gant sur votre main.<\/li>\n<li>Commencez \u00e0 exfolier doucement votre corps en effectuant des mouvements circulaires.<\/li>\n<\/ul>\n<\/div>\n<\/div>\n","protected":false},"excerpt":{"rendered":"<p><strong>Les gants exfoliants marocains Kessa<\/strong> sont traditionnellement utilis\u00e9s dans les <strong>hammams<\/strong> et sont un \u00e9l\u00e9ment essentiel des rituels de <strong>soins de la peau<\/strong> dans la culture marocaine. Ils sont con\u00e7us pour \u00eatre utilis\u00e9s sous la douche, en combinaison avec <strong>le savon noir marocain<\/strong>, afin de nettoyer et d&#8217;exfolier en<strong> profondeur votre peau<\/strong>, la laissant douce, lisse et radieuse. Ces gants exfoliants sont fabriqu\u00e9s \u00e0 partir de mat\u00e9riaux traditionnels marocains et offrent une exp\u00e9rience de <strong>soin authentique,<\/strong> comme si vous \u00e9tiez dans un hammam marocain.<br \/>\n<strong>Nous livrons partout au Canada !<\/strong><\/p>\n","protected":false},"featured_media":2225,"comment_status":"open","ping_status":"closed","template":"","meta":[],"product_cat":[68],"product_tag":[55,56],"yoast_head":"<!-- This site is optimized with the Yoast SEO plugin v22.8 - https:\/\/yoast.com\/wordpress\/plugins\/seo\/ -->\n<title>Gants exfoliants marocains Kessa - Imsan Market - Livraison \u00e0 domicile<\/title>\n<meta name=\"description\" content=\"Les gants exfoliants marocains Kessa : pour une peau douce et radieuse. Commande en ligne et livraison \u00e0 domicile partout au Canada ! Imsan Market !\" \/>\n<meta name=\"robots\" content=\"index, follow, max-snippet:-1, max-image-preview:large, max-video-preview:-1\" \/>\n<link rel=\"canonical\" href=\"https:\/\/imsanmarket.ca\/en\/product\/gants-exfoliants-marocains-kessa\/\" \/>\n<meta property=\"og:locale\" content=\"en_US\" \/>\n<meta property=\"og:type\" content=\"article\" \/>\n<meta property=\"og:title\" content=\"Gants exfoliants marocains Kessa - Imsan Market - Livraison \u00e0 domicile\" \/>\n<meta property=\"og:description\" content=\"Les gants exfoliants marocains Kessa : pour une peau douce et radieuse. Commande en ligne et livraison \u00e0 domicile partout au Canada ! Imsan Market !\" \/>\n<meta property=\"og:url\" content=\"https:\/\/imsanmarket.ca\/en\/product\/gants-exfoliants-marocains-kessa\/\" \/>\n<meta property=\"og:site_name\" content=\"Imsan Market\" \/>\n<meta property=\"article:modified_time\" content=\"2024-06-13T19:28:29+00:00\" \/>\n<meta property=\"og:image\" content=\"https:\/\/imsanmarket.ca\/wp-content\/uploads\/2021\/03\/Gants-exfoliants-marocains-Kessa-1.png\" \/>\n\t<meta property=\"og:image:width\" content=\"1080\" \/>\n\t<meta property=\"og:image:height\" content=\"1080\" \/>\n\t<meta property=\"og:image:type\" content=\"image\/png\" \/>\n<meta name=\"twitter:card\" content=\"summary_large_image\" \/>\n<meta name=\"twitter:label1\" content=\"Est. reading time\" \/>\n\t<meta name=\"twitter:data1\" content=\"1 minute\" \/>\n<script type=\"application\/ld+json\" class=\"yoast-schema-graph\">{\"@context\":\"https:\/\/schema.org\",\"@graph\":[{\"@type\":\"WebPage\",\"@id\":\"https:\/\/imsanmarket.ca\/en\/product\/gants-exfoliants-marocains-kessa\/\",\"url\":\"https:\/\/imsanmarket.ca\/en\/product\/gants-exfoliants-marocains-kessa\/\",\"name\":\"Gants exfoliants marocains Kessa - Imsan Market - Livraison \u00e0 domicile\",\"isPartOf\":{\"@id\":\"https:\/\/imsanmarket.ca\/en\/#website\"},\"primaryImageOfPage\":{\"@id\":\"https:\/\/imsanmarket.ca\/en\/product\/gants-exfoliants-marocains-kessa\/#primaryimage\"},\"image\":{\"@id\":\"https:\/\/imsanmarket.ca\/en\/product\/gants-exfoliants-marocains-kessa\/#primaryimage\"},\"thumbnailUrl\":\"https:\/\/imsanmarket.ca\/wp-content\/uploads\/2021\/03\/Gants-exfoliants-marocains-Kessa-1.png\",\"datePublished\":\"2021-03-18T08:28:57+00:00\",\"dateModified\":\"2024-06-13T19:28:29+00:00\",\"description\":\"Les gants exfoliants marocains Kessa : pour une peau douce et radieuse. Commande en ligne et livraison \u00e0 domicile partout au Canada ! Imsan Market !\",\"breadcrumb\":{\"@id\":\"https:\/\/imsanmarket.ca\/en\/product\/gants-exfoliants-marocains-kessa\/#breadcrumb\"},\"inLanguage\":\"en-US\",\"potentialAction\":[{\"@type\":\"ReadAction\",\"target\":[\"https:\/\/imsanmarket.ca\/en\/product\/gants-exfoliants-marocains-kessa\/\"]}]},{\"@type\":\"ImageObject\",\"inLanguage\":\"en-US\",\"@id\":\"https:\/\/imsanmarket.ca\/en\/product\/gants-exfoliants-marocains-kessa\/#primaryimage\",\"url\":\"https:\/\/imsanmarket.ca\/wp-content\/uploads\/2021\/03\/Gants-exfoliants-marocains-Kessa-1.png\",\"contentUrl\":\"https:\/\/imsanmarket.ca\/wp-content\/uploads\/2021\/03\/Gants-exfoliants-marocains-Kessa-1.png\",\"width\":1080,\"height\":1080,\"caption\":\"Gants exfoliants marocains Kessa\"},{\"@type\":\"BreadcrumbList\",\"@id\":\"https:\/\/imsanmarket.ca\/en\/product\/gants-exfoliants-marocains-kessa\/#breadcrumb\",\"itemListElement\":[{\"@type\":\"ListItem\",\"position\":1,\"name\":\"Accueil\",\"item\":\"https:\/\/imsanmarket.ca\/en\/\"},{\"@type\":\"ListItem\",\"position\":2,\"name\":\"Products\",\"item\":\"https:\/\/imsanmarket.ca\/en\/shop\/\"},{\"@type\":\"ListItem\",\"position\":3,\"name\":\"Gants exfoliants marocains Kessa\"}]},{\"@type\":\"WebSite\",\"@id\":\"https:\/\/imsanmarket.ca\/en\/#website\",\"url\":\"https:\/\/imsanmarket.ca\/en\/\",\"name\":\"Imsan Market\",\"description\":\"Imsan Market\",\"potentialAction\":[{\"@type\":\"SearchAction\",\"target\":{\"@type\":\"EntryPoint\",\"urlTemplate\":\"https:\/\/imsanmarket.ca\/en\/?s={search_term_string}\"},\"query-input\":\"required name=search_term_string\"}],\"inLanguage\":\"en-US\"}]}<\/script>\n<!-- \/ Yoast SEO plugin. -->","yoast_head_json":{"title":"Gants exfoliants marocains Kessa - Imsan Market - Livraison \u00e0 domicile","description":"Les gants exfoliants marocains Kessa : pour une peau douce et radieuse. Commande en ligne et livraison \u00e0 domicile partout au Canada ! Imsan Market !","robots":{"index":"index","follow":"follow","max-snippet":"max-snippet:-1","max-image-preview":"max-image-preview:large","max-video-preview":"max-video-preview:-1"},"canonical":"https:\/\/imsanmarket.ca\/en\/product\/gants-exfoliants-marocains-kessa\/","og_locale":"en_US","og_type":"article","og_title":"Gants exfoliants marocains Kessa - Imsan Market - Livraison \u00e0 domicile","og_description":"Les gants exfoliants marocains Kessa : pour une peau douce et radieuse. Commande en ligne et livraison \u00e0 domicile partout au Canada ! Imsan Market !","og_url":"https:\/\/imsanmarket.ca\/en\/product\/gants-exfoliants-marocains-kessa\/","og_site_name":"Imsan Market","article_modified_time":"2024-06-13T19:28:29+00:00","og_image":[{"width":1080,"height":1080,"url":"https:\/\/imsanmarket.ca\/wp-content\/uploads\/2021\/03\/Gants-exfoliants-marocains-Kessa-1.png","type":"image\/png"}],"twitter_card":"summary_large_image","twitter_misc":{"Est. reading time":"1 minute"},"schema":{"@context":"https:\/\/schema.org","@graph":[{"@type":"WebPage","@id":"https:\/\/imsanmarket.ca\/en\/product\/gants-exfoliants-marocains-kessa\/","url":"https:\/\/imsanmarket.ca\/en\/product\/gants-exfoliants-marocains-kessa\/","name":"Gants exfoliants marocains Kessa - Imsan Market - Livraison \u00e0 domicile","isPartOf":{"@id":"https:\/\/imsanmarket.ca\/en\/#website"},"primaryImageOfPage":{"@id":"https:\/\/imsanmarket.ca\/en\/product\/gants-exfoliants-marocains-kessa\/#primaryimage"},"image":{"@id":"https:\/\/imsanmarket.ca\/en\/product\/gants-exfoliants-marocains-kessa\/#primaryimage"},"thumbnailUrl":"https:\/\/imsanmarket.ca\/wp-content\/uploads\/2021\/03\/Gants-exfoliants-marocains-Kessa-1.png","datePublished":"2021-03-18T08:28:57+00:00","dateModified":"2024-06-13T19:28:29+00:00","description":"Les gants exfoliants marocains Kessa : pour une peau douce et radieuse. Commande en ligne et livraison \u00e0 domicile partout au Canada ! Imsan Market !","breadcrumb":{"@id":"https:\/\/imsanmarket.ca\/en\/product\/gants-exfoliants-marocains-kessa\/#breadcrumb"},"inLanguage":"en-US","potentialAction":[{"@type":"ReadAction","target":["https:\/\/imsanmarket.ca\/en\/product\/gants-exfoliants-marocains-kessa\/"]}]},{"@type":"ImageObject","inLanguage":"en-US","@id":"https:\/\/imsanmarket.ca\/en\/product\/gants-exfoliants-marocains-kessa\/#primaryimage","url":"https:\/\/imsanmarket.ca\/wp-content\/uploads\/2021\/03\/Gants-exfoliants-marocains-Kessa-1.png","contentUrl":"https:\/\/imsanmarket.ca\/wp-content\/uploads\/2021\/03\/Gants-exfoliants-marocains-Kessa-1.png","width":1080,"height":1080,"caption":"Gants exfoliants marocains Kessa"},{"@type":"BreadcrumbList","@id":"https:\/\/imsanmarket.ca\/en\/product\/gants-exfoliants-marocains-kessa\/#breadcrumb","itemListElement":[{"@type":"ListItem","position":1,"name":"Accueil","item":"https:\/\/imsanmarket.ca\/en\/"},{"@type":"ListItem","position":2,"name":"Products","item":"https:\/\/imsanmarket.ca\/en\/shop\/"},{"@type":"ListItem","position":3,"name":"Gants exfoliants marocains Kessa"}]},{"@type":"WebSite","@id":"https:\/\/imsanmarket.ca\/en\/#website","url":"https:\/\/imsanmarket.ca\/en\/","name":"Imsan Market","description":"Imsan Market","potentialAction":[{"@type":"SearchAction","target":{"@type":"EntryPoint","urlTemplate":"https:\/\/imsanmarket.ca\/en\/?s={search_term_string}"},"query-input":"required name=search_term_string"}],"inLanguage":"en-US"}]}},"_links":{"self":[{"href":"https:\/\/imsanmarket.ca\/en\/wp-json\/wp\/v2\/product\/2228"}],"collection":[{"href":"https:\/\/imsanmarket.ca\/en\/wp-json\/wp\/v2\/product"}],"about":[{"href":"https:\/\/imsanmarket.ca\/en\/wp-json\/wp\/v2\/types\/product"}],"replies":[{"embeddable":true,"href":"https:\/\/imsanmarket.ca\/en\/wp-json\/wp\/v2\/comments?post=2228"}],"wp:featuredmedia":[{"embeddable":true,"href":"https:\/\/imsanmarket.ca\/en\/wp-json\/wp\/v2\/media\/2225"}],"wp:attachment":[{"href":"https:\/\/imsanmarket.ca\/en\/wp-json\/wp\/v2\/media?parent=2228"}],"wp:term":[{"taxonomy":"product_cat","embeddable":true,"href":"https:\/\/imsanmarket.ca\/en\/wp-json\/wp\/v2\/product_cat?post=2228"},{"taxonomy":"product_tag","embeddable":true,"href":"https:\/\/imsanmarket.ca\/en\/wp-json\/wp\/v2\/product_tag?post=2228"}],"curies":[{"name":"wp","href":"https:\/\/api.w.org\/{rel}","templated":true}]}}