{"id":2223,"date":"2024-03-15T16:58:51","date_gmt":"2024-03-15T16:58:51","guid":{"rendered":"https:\/\/imsanmarket.ca\/?post_type=product&#038;p=2223"},"modified":"2024-05-25T21:21:17","modified_gmt":"2024-05-25T21:21:17","slug":"premium-amlou-1-kg","status":"publish","type":"product","link":"https:\/\/imsanmarket.ca\/en\/product\/premium-amlou-1-kg\/","title":{"rendered":"Premium Amlou 1 kg"},"content":{"rendered":"<div class=\"row\">\n<div class=\"col-xs-12 col-sm-6\">\n<p>&nbsp;<\/p>\n<p>&nbsp;<\/p>\n<\/div>\n<\/div>\n<div class=\"row\">\n<div class=\"col-xs-12 col-sm-6\">\n<h5><strong>Main Ingredients:<\/strong><\/h5>\n<ul>\n<li>Organic roasted argan oil, roasted almonds, honey.<\/li>\n<\/ul>\n<\/div>\n<div class=\"col-xs-12 col-sm-6\">\n<h5><strong>Health Benefits:<\/strong><\/h5>\n<ul>\n<li>The mixture is rich in omega 6 and 9, vitamin E, and antioxidants, which can help regulate cholesterol and strengthen the immune system. It also provides the body with high energy.The paste is rich in magnesium, which eliminates toxins from the body and improves antioxidant production.<\/li>\n<\/ul>\n<\/div>\n<\/div>\n","protected":false},"excerpt":{"rendered":"<div class=\"flex flex-grow flex-col max-w-full\">\n<div class=\"min-h-[20px] text-message flex flex-col items-start whitespace-pre-wrap break-words [.text-message+&amp;]:mt-5 juice:w-full juice:items-end overflow-x-auto gap-2\" dir=\"auto\" data-message-author-role=\"assistant\" data-message-id=\"e160a7df-51ad-4637-8bea-2c97ce627630\">\n<div class=\"flex w-full flex-col gap-1 juice:empty:hidden juice:first:pt-[3px]\">\n<div class=\"markdown prose w-full break-words dark:prose-invert dark\">\n<p>Discover the delicious natural amlou with honey, an exquisite brown paste made from roasted argan oil, roasted almonds, and honey. This luxurious paste combines delicious taste, sweetness, and high nutritional value.<br \/>\nSavor this delicious amlou paste with honey for a rich taste experience and benefits for your overall well-being.<br \/>\nSpread amlou on bread, toast, pancakes, or waffles to start a great day full of energy.<br \/>\n<strong>Order superior quality amlou online and get delivery anywhere in Canada!<\/strong><\/p>\n<\/div>\n<\/div>\n<\/div>\n<\/div>\n","protected":false},"featured_media":2221,"comment_status":"open","ping_status":"closed","template":"","meta":[],"product_cat":[67],"product_tag":[55,56],"yoast_head":"<!-- This site is optimized with the Yoast SEO plugin v22.8 - https:\/\/yoast.com\/wordpress\/plugins\/seo\/ -->\n<title>Premium Amlou 1 kg - Imsan Market - Livraison partout<\/title>\n<meta name=\"description\" content=\"D\u00e9couvrez notre : Amlou de qualit\u00e9 sup\u00e9rieure et d&#039;autres produits naturels de qualit\u00e9 sur Imsan Market. Nous livrons partout au Canada.\" \/>\n<meta name=\"robots\" content=\"index, follow, max-snippet:-1, max-image-preview:large, max-video-preview:-1\" \/>\n<link rel=\"canonical\" href=\"https:\/\/imsanmarket.ca\/en\/product\/premium-amlou-1-kg\/\" \/>\n<meta property=\"og:locale\" content=\"en_US\" \/>\n<meta property=\"og:type\" content=\"article\" \/>\n<meta property=\"og:title\" content=\"Premium Amlou 1 kg - Imsan Market - Livraison partout\" \/>\n<meta property=\"og:description\" content=\"D\u00e9couvrez notre : Amlou de qualit\u00e9 sup\u00e9rieure et d&#039;autres produits naturels de qualit\u00e9 sur Imsan Market. Nous livrons partout au Canada.\" \/>\n<meta property=\"og:url\" content=\"https:\/\/imsanmarket.ca\/en\/product\/premium-amlou-1-kg\/\" \/>\n<meta property=\"og:site_name\" content=\"Imsan Market\" \/>\n<meta property=\"article:modified_time\" content=\"2024-05-25T21:21:17+00:00\" \/>\n<meta property=\"og:image\" content=\"https:\/\/imsanmarket.ca\/wp-content\/uploads\/2023\/12\/Amlou-de-qualite-superieure.png\" \/>\n\t<meta property=\"og:image:width\" content=\"1080\" \/>\n\t<meta property=\"og:image:height\" content=\"1080\" \/>\n\t<meta property=\"og:image:type\" content=\"image\/png\" \/>\n<meta name=\"twitter:card\" content=\"summary_large_image\" \/>\n<meta name=\"twitter:label1\" content=\"Est. reading time\" \/>\n\t<meta name=\"twitter:data1\" content=\"1 minute\" \/>\n<script type=\"application\/ld+json\" class=\"yoast-schema-graph\">{\"@context\":\"https:\/\/schema.org\",\"@graph\":[{\"@type\":\"WebPage\",\"@id\":\"https:\/\/imsanmarket.ca\/en\/product\/premium-amlou-1-kg\/\",\"url\":\"https:\/\/imsanmarket.ca\/en\/product\/premium-amlou-1-kg\/\",\"name\":\"Premium Amlou 1 kg - Imsan Market - Livraison partout\",\"isPartOf\":{\"@id\":\"https:\/\/imsanmarket.ca\/en\/#website\"},\"primaryImageOfPage\":{\"@id\":\"https:\/\/imsanmarket.ca\/en\/product\/premium-amlou-1-kg\/#primaryimage\"},\"image\":{\"@id\":\"https:\/\/imsanmarket.ca\/en\/product\/premium-amlou-1-kg\/#primaryimage\"},\"thumbnailUrl\":\"https:\/\/imsanmarket.ca\/wp-content\/uploads\/2023\/12\/Amlou-de-qualite-superieure.png\",\"datePublished\":\"2024-03-15T16:58:51+00:00\",\"dateModified\":\"2024-05-25T21:21:17+00:00\",\"description\":\"D\u00e9couvrez notre : Amlou de qualit\u00e9 sup\u00e9rieure et d'autres produits naturels de qualit\u00e9 sur Imsan Market. Nous livrons partout au Canada.\",\"breadcrumb\":{\"@id\":\"https:\/\/imsanmarket.ca\/en\/product\/premium-amlou-1-kg\/#breadcrumb\"},\"inLanguage\":\"en-US\",\"potentialAction\":[{\"@type\":\"ReadAction\",\"target\":[\"https:\/\/imsanmarket.ca\/en\/product\/premium-amlou-1-kg\/\"]}]},{\"@type\":\"ImageObject\",\"inLanguage\":\"en-US\",\"@id\":\"https:\/\/imsanmarket.ca\/en\/product\/premium-amlou-1-kg\/#primaryimage\",\"url\":\"https:\/\/imsanmarket.ca\/wp-content\/uploads\/2023\/12\/Amlou-de-qualite-superieure.png\",\"contentUrl\":\"https:\/\/imsanmarket.ca\/wp-content\/uploads\/2023\/12\/Amlou-de-qualite-superieure.png\",\"width\":1080,\"height\":1080,\"caption\":\"Amlou de qualit\u00e9 sup\u00e9rieure\"},{\"@type\":\"BreadcrumbList\",\"@id\":\"https:\/\/imsanmarket.ca\/en\/product\/premium-amlou-1-kg\/#breadcrumb\",\"itemListElement\":[{\"@type\":\"ListItem\",\"position\":1,\"name\":\"Accueil\",\"item\":\"https:\/\/imsanmarket.ca\/en\/\"},{\"@type\":\"ListItem\",\"position\":2,\"name\":\"Products\",\"item\":\"https:\/\/imsanmarket.ca\/en\/shop\/\"},{\"@type\":\"ListItem\",\"position\":3,\"name\":\"Premium Amlou 1 kg\"}]},{\"@type\":\"WebSite\",\"@id\":\"https:\/\/imsanmarket.ca\/en\/#website\",\"url\":\"https:\/\/imsanmarket.ca\/en\/\",\"name\":\"Imsan Market\",\"description\":\"Imsan Market\",\"potentialAction\":[{\"@type\":\"SearchAction\",\"target\":{\"@type\":\"EntryPoint\",\"urlTemplate\":\"https:\/\/imsanmarket.ca\/en\/?s={search_term_string}\"},\"query-input\":\"required name=search_term_string\"}],\"inLanguage\":\"en-US\"}]}<\/script>\n<!-- \/ Yoast SEO plugin. -->","yoast_head_json":{"title":"Premium Amlou 1 kg - Imsan Market - Livraison partout","description":"D\u00e9couvrez notre : Amlou de qualit\u00e9 sup\u00e9rieure et d'autres produits naturels de qualit\u00e9 sur Imsan Market. Nous livrons partout au Canada.","robots":{"index":"index","follow":"follow","max-snippet":"max-snippet:-1","max-image-preview":"max-image-preview:large","max-video-preview":"max-video-preview:-1"},"canonical":"https:\/\/imsanmarket.ca\/en\/product\/premium-amlou-1-kg\/","og_locale":"en_US","og_type":"article","og_title":"Premium Amlou 1 kg - Imsan Market - Livraison partout","og_description":"D\u00e9couvrez notre : Amlou de qualit\u00e9 sup\u00e9rieure et d'autres produits naturels de qualit\u00e9 sur Imsan Market. Nous livrons partout au Canada.","og_url":"https:\/\/imsanmarket.ca\/en\/product\/premium-amlou-1-kg\/","og_site_name":"Imsan Market","article_modified_time":"2024-05-25T21:21:17+00:00","og_image":[{"width":1080,"height":1080,"url":"https:\/\/imsanmarket.ca\/wp-content\/uploads\/2023\/12\/Amlou-de-qualite-superieure.png","type":"image\/png"}],"twitter_card":"summary_large_image","twitter_misc":{"Est. reading time":"1 minute"},"schema":{"@context":"https:\/\/schema.org","@graph":[{"@type":"WebPage","@id":"https:\/\/imsanmarket.ca\/en\/product\/premium-amlou-1-kg\/","url":"https:\/\/imsanmarket.ca\/en\/product\/premium-amlou-1-kg\/","name":"Premium Amlou 1 kg - Imsan Market - Livraison partout","isPartOf":{"@id":"https:\/\/imsanmarket.ca\/en\/#website"},"primaryImageOfPage":{"@id":"https:\/\/imsanmarket.ca\/en\/product\/premium-amlou-1-kg\/#primaryimage"},"image":{"@id":"https:\/\/imsanmarket.ca\/en\/product\/premium-amlou-1-kg\/#primaryimage"},"thumbnailUrl":"https:\/\/imsanmarket.ca\/wp-content\/uploads\/2023\/12\/Amlou-de-qualite-superieure.png","datePublished":"2024-03-15T16:58:51+00:00","dateModified":"2024-05-25T21:21:17+00:00","description":"D\u00e9couvrez notre : Amlou de qualit\u00e9 sup\u00e9rieure et d'autres produits naturels de qualit\u00e9 sur Imsan Market. Nous livrons partout au Canada.","breadcrumb":{"@id":"https:\/\/imsanmarket.ca\/en\/product\/premium-amlou-1-kg\/#breadcrumb"},"inLanguage":"en-US","potentialAction":[{"@type":"ReadAction","target":["https:\/\/imsanmarket.ca\/en\/product\/premium-amlou-1-kg\/"]}]},{"@type":"ImageObject","inLanguage":"en-US","@id":"https:\/\/imsanmarket.ca\/en\/product\/premium-amlou-1-kg\/#primaryimage","url":"https:\/\/imsanmarket.ca\/wp-content\/uploads\/2023\/12\/Amlou-de-qualite-superieure.png","contentUrl":"https:\/\/imsanmarket.ca\/wp-content\/uploads\/2023\/12\/Amlou-de-qualite-superieure.png","width":1080,"height":1080,"caption":"Amlou de qualit\u00e9 sup\u00e9rieure"},{"@type":"BreadcrumbList","@id":"https:\/\/imsanmarket.ca\/en\/product\/premium-amlou-1-kg\/#breadcrumb","itemListElement":[{"@type":"ListItem","position":1,"name":"Accueil","item":"https:\/\/imsanmarket.ca\/en\/"},{"@type":"ListItem","position":2,"name":"Products","item":"https:\/\/imsanmarket.ca\/en\/shop\/"},{"@type":"ListItem","position":3,"name":"Premium Amlou 1 kg"}]},{"@type":"WebSite","@id":"https:\/\/imsanmarket.ca\/en\/#website","url":"https:\/\/imsanmarket.ca\/en\/","name":"Imsan Market","description":"Imsan Market","potentialAction":[{"@type":"SearchAction","target":{"@type":"EntryPoint","urlTemplate":"https:\/\/imsanmarket.ca\/en\/?s={search_term_string}"},"query-input":"required name=search_term_string"}],"inLanguage":"en-US"}]}},"_links":{"self":[{"href":"https:\/\/imsanmarket.ca\/en\/wp-json\/wp\/v2\/product\/2223"}],"collection":[{"href":"https:\/\/imsanmarket.ca\/en\/wp-json\/wp\/v2\/product"}],"about":[{"href":"https:\/\/imsanmarket.ca\/en\/wp-json\/wp\/v2\/types\/product"}],"replies":[{"embeddable":true,"href":"https:\/\/imsanmarket.ca\/en\/wp-json\/wp\/v2\/comments?post=2223"}],"wp:featuredmedia":[{"embeddable":true,"href":"https:\/\/imsanmarket.ca\/en\/wp-json\/wp\/v2\/media\/2221"}],"wp:attachment":[{"href":"https:\/\/imsanmarket.ca\/en\/wp-json\/wp\/v2\/media?parent=2223"}],"wp:term":[{"taxonomy":"product_cat","embeddable":true,"href":"https:\/\/imsanmarket.ca\/en\/wp-json\/wp\/v2\/product_cat?post=2223"},{"taxonomy":"product_tag","embeddable":true,"href":"https:\/\/imsanmarket.ca\/en\/wp-json\/wp\/v2\/product_tag?post=2223"}],"curies":[{"name":"wp","href":"https:\/\/api.w.org\/{rel}","templated":true}]}}